{"id":23,"date":"2019-05-08T07:57:35","date_gmt":"2019-05-08T07:57:35","guid":{"rendered":"http:\/\/bluebirdcaye.gid8.net\/?page_id=9"},"modified":"2020-08-26T13:10:16","modified_gmt":"2020-08-26T13:10:16","slug":"home-page","status":"publish","type":"page","link":"https:\/\/skylonehouse.com\/fr\/","title":{"rendered":"Home Page"},"content":{"rendered":"<div data-elementor-type=\"wp-post\" data-elementor-id=\"23\" class=\"elementor elementor-23\" data-elementor-settings=\"[]\">\n\t\t\t<div class=\"elementor-inner\">\n\t\t\t\t<div class=\"elementor-section-wrap\">\n\t\t\t\t\t\t\t<section class=\"elementor-element elementor-element-31c06f95 elementor-section-full_width elementor-section-content-top elementor-section-height-default elementor-section-height-default elementor-section elementor-top-section\" data-id=\"31c06f95\" data-element_type=\"section\" data-settings=\"{&quot;background_background&quot;:&quot;classic&quot;}\">\n\t\t\t\t\t\t<div class=\"elementor-container elementor-column-gap-no\">\n\t\t\t\t<div class=\"elementor-row\">\n\t\t\t\t<div class=\"elementor-element elementor-element-6b94e0d9 elementor-column elementor-col-100 elementor-top-column\" data-id=\"6b94e0d9\" data-element_type=\"column\">\n\t\t\t<div class=\"elementor-column-wrap  elementor-element-populated\">\n\t\t\t\t\t<div class=\"elementor-widget-wrap\">\n\t\t\t\t<div class=\"elementor-element elementor-element-5ed66501 elementor-widget elementor-widget-jet-slider\" data-id=\"5ed66501\" data-element_type=\"widget\" data-widget_type=\"jet-slider.default\">\n\t\t\t\t<div class=\"elementor-widget-container\">\n\t\t\t<div class=\"elementor-jet-slider jet-elements\">\n<div class=\"jet-slider jet-slider__image-exact\" data-settings='{\"sliderWidth\":{\"unit\":\"%\",\"size\":100,\"sizes\":[]},\"sliderHeight\":{\"unit\":\"vh\",\"size\":100,\"sizes\":[]},\"sliderHeightTablet\":{\"unit\":\"vh\",\"size\":72,\"sizes\":[]},\"sliderHeightMobile\":{\"unit\":\"px\",\"size\":379,\"sizes\":[]},\"sliderNavigation\":false,\"sliderNavigationIcon\":\"jet-slider__arrow-icon-5ed66501\",\"sliderNaviOnHover\":false,\"sliderPagination\":false,\"sliderAutoplay\":false,\"sliderAutoplayDelay\":5000,\"sliderAutoplayOnHover\":\"pause\",\"sliderFullScreen\":false,\"sliderFullscreenIcon\":\"jet-slider__fullscreen-icon-5ed66501\",\"sliderShuffle\":false,\"sliderLoop\":false,\"sliderFadeMode\":false,\"slideDistance\":{\"unit\":\"px\",\"size\":10,\"sizes\":[]},\"slideDuration\":500,\"imageScaleMode\":\"exact\",\"thumbnails\":false,\"thumbnailWidth\":120,\"thumbnailWidthTablet\":\"\",\"thumbnailWidthMobile\":\"\",\"thumbnailHeight\":80,\"thumbnailHeightTablet\":\"\",\"thumbnailHeightMobile\":\"\",\"rightToLeft\":false}'>\n\t\n<div class=\"slider-pro\"><div class=\"jet-slider__arrow-icon-5ed66501 hidden-html\"><\/div><div class=\"jet-slider__fullscreen-icon-5ed66501 hidden-html\"><\/div><div class=\"jet-slider__items sp-slides\">\n\n<div class=\"jet-slider__item sp-slide\"><img class=\"sp-image\" src=\"https:\/\/skylonehouse.com\/wp-content\/uploads\/2019\/08\/Skylon-II-edited.jpg\" alt=\"Skylon II - edited\"><div class=\"jet-slider__content sp-layer\" data-position=\"centerCenter\" data-width=\"100%\" data-height=\"100%\" data-horizontal=\"0%\" data-show-transition=\"up\" data-show-duration=\"400\" data-show-delay=\"400\">\n\t\t<div class=\"jet-slider__content-item\">\n\t\t\t<div class=\"jet-slider__content-inner\">\n\t\t\t\t\t\t<div class=\"jet-slider__button-wrapper\">\t\t\t\t\t\t<\/div><\/div>\n\t\t<\/div>\n\t<\/div>\n<\/div>\n\n<\/div>\n<\/div>\n<\/div>\n<\/div>\t\t<\/div>\n\t\t\t\t<\/div>\n\t\t\t\t\t\t<\/div>\n\t\t\t<\/div>\n\t\t<\/div>\n\t\t\t\t\t\t<\/div>\n\t\t\t<\/div>\n\t\t<\/section>\n\t\t\t\t<section class=\"elementor-element elementor-element-25b6aea elementor-section-boxed elementor-section-height-default elementor-section-height-default elementor-section elementor-top-section\" data-id=\"25b6aea\" data-element_type=\"section\" data-settings=\"{&quot;background_background&quot;:&quot;classic&quot;}\">\n\t\t\t\t\t\t<div class=\"elementor-container elementor-column-gap-default\">\n\t\t\t\t<div class=\"elementor-row\">\n\t\t\t\t<div class=\"elementor-element elementor-element-4583956 elementor-column elementor-col-100 elementor-top-column\" data-id=\"4583956\" data-element_type=\"column\">\n\t\t\t<div class=\"elementor-column-wrap  elementor-element-populated\">\n\t\t\t\t\t<div class=\"elementor-widget-wrap\">\n\t\t\t\t<div class=\"elementor-element elementor-element-c5822f8 elementor-widget elementor-widget-text-editor\" data-id=\"c5822f8\" data-element_type=\"widget\" id=\"top-banner-text\" data-widget_type=\"text-editor.default\">\n\t\t\t\t<div class=\"elementor-widget-container\">\n\t\t\t\t\t<div class=\"elementor-text-editor elementor-clearfix\">La Skylone House exceptionnelle avec ses 625 m\u00e8tres carr\u00e9s d'espace de vie int\u00e9rieur est con\u00e7ue conceptuellement comme une \u00abjet\u00e9e\u00bb en b\u00e9ton se projetant au-dessus du site tr\u00e8s escarp\u00e9 surplombant l'oc\u00e9an Pacifique. La villa avec son toit-terrasse de forme unique au niveau de la rue s'ouvre sur le bord de mer et offre une vue spectaculaire \u00e0 180 degr\u00e9s sur l'oc\u00e9an.<\/div>\n\t\t\t\t<\/div>\n\t\t\t\t<\/div>\n\t\t\t\t\t\t<\/div>\n\t\t\t<\/div>\n\t\t<\/div>\n\t\t\t\t\t\t<\/div>\n\t\t\t<\/div>\n\t\t<\/section>\n\t\t\t\t\t\t<\/div>\n\t\t\t<\/div>\n\t\t<\/div>","protected":false},"excerpt":{"rendered":"<p>La Skylone House exceptionnelle avec ses 625 m\u00e8tres carr\u00e9s d'espace de vie int\u00e9rieur est con\u00e7ue conceptuellement comme une \u00abjet\u00e9e\u00bb en b\u00e9ton se projetant au-dessus du site tr\u00e8s escarp\u00e9 surplombant l'oc\u00e9an Pacifique. La villa avec son toit-terrasse de forme unique au niveau de la rue s'ouvre sur le bord de mer et offre une vue spectaculaire \u00e0 180 degr\u00e9s sur l'oc\u00e9an.<\/p>","protected":false},"author":2,"featured_media":0,"parent":0,"menu_order":0,"comment_status":"closed","ping_status":"closed","template":"","meta":[],"_links":{"self":[{"href":"https:\/\/skylonehouse.com\/fr\/wp-json\/wp\/v2\/pages\/23"}],"collection":[{"href":"https:\/\/skylonehouse.com\/fr\/wp-json\/wp\/v2\/pages"}],"about":[{"href":"https:\/\/skylonehouse.com\/fr\/wp-json\/wp\/v2\/types\/page"}],"author":[{"embeddable":true,"href":"https:\/\/skylonehouse.com\/fr\/wp-json\/wp\/v2\/users\/2"}],"replies":[{"embeddable":true,"href":"https:\/\/skylonehouse.com\/fr\/wp-json\/wp\/v2\/comments?post=23"}],"version-history":[{"count":22,"href":"https:\/\/skylonehouse.com\/fr\/wp-json\/wp\/v2\/pages\/23\/revisions"}],"predecessor-version":[{"id":986,"href":"https:\/\/skylonehouse.com\/fr\/wp-json\/wp\/v2\/pages\/23\/revisions\/986"}],"wp:attachment":[{"href":"https:\/\/skylonehouse.com\/fr\/wp-json\/wp\/v2\/media?parent=23"}],"curies":[{"name":"wp","href":"https:\/\/api.w.org\/{rel}","templated":true}]}}